{"id":90,"date":"2021-04-07T10:42:58","date_gmt":"2021-04-07T08:42:58","guid":{"rendered":"https:\/\/atomic-temporary-191599240.wpcomstaging.com\/?page_id=90"},"modified":"2021-04-07T10:42:58","modified_gmt":"2021-04-07T08:42:58","slug":"parc-machine","status":"publish","type":"page","link":"https:\/\/cmm-concept.fr\/index.php\/parc-machine\/","title":{"rendered":"Parc Machines"},"content":{"rendered":"<h3>CMM Concept<\/h3>\n<h1>Notre Parc des machines<\/h1>\n<p>Notre parc marchines poss\u00e8de des machines de fraisage, usinage, tournage. Nous disposons de moyens de production complet et r\u00e9guli\u00e8rement renouvel\u00e9.<\/p>\n<p>\t\t<a href=\"https:\/\/www.facebook.com\/CMM-Concept-104924708444849\"><br \/>\n\t\t\t\t\tVoir plus<br \/>\n\t\t\t\t\t\t\t\t<\/a><\/p>\n<ul>\n<li>\n\t\t\t\t<\/li>\n<\/ul>\n<h2>Nos machines<\/h2>\n<ul>\n<li>\n\t\t\t\t\t\t<a href=\";\"><br \/>\n\t\t\t\t\t\t\tTous<br \/>\n\t\t\t\t\t\t<\/a>\n\t\t\t\t\t<\/li>\n<li>\n\t\t\t\t\t\t\t<a href=\";\"><br \/>\n\t\t\t\t\t\t\t\tFraisage<br \/>\n\t\t\t\t\t\t\t<\/a>\n\t\t\t\t\t\t<\/li>\n<li>\n\t\t\t\t\t\t\t<a href=\";\"><br \/>\n\t\t\t\t\t\t\t\tTournage<br \/>\n\t\t\t\t\t\t\t<\/a>\n\t\t\t\t\t\t<\/li>\n<li>\n\t\t\t\t\t\t\t<a href=\";\"><br \/>\n\t\t\t\t\t\t\t\tTaraudage<br \/>\n\t\t\t\t\t\t\t<\/a>\n\t\t\t\t\t\t<\/li>\n<\/ul>\n<p>\t\t<img decoding=\"async\" src=\"https:\/\/cmmconcept580391081.files.wordpress.com\/2023\/04\/8101d-tour-mori-seiki-nlx-1500-y.jpg\" alt=\"TOUR MORI SEIKI NLX 1500 Y\"><br \/>\n\t\t\t\t\t<a href=\"https:\/\/cmmconcept580391081.files.wordpress.com\/2023\/04\/8101d-tour-mori-seiki-nlx-1500-y.jpg\"><br \/>\n\t\t\t\t\t<\/a><br \/>\n\t\t<img decoding=\"async\" src=\"https:\/\/cmmconcept580391081.files.wordpress.com\/2023\/04\/61572-tour-mori-nlx-2500-y.jpg\" alt=\"Machine TOUR MORI NLX 2500 Y de CMM Concept usinage fraisage tournage\"><br \/>\n\t\t\t\t\t<a href=\"https:\/\/cmmconcept580391081.files.wordpress.com\/2023\/04\/61572-tour-mori-nlx-2500-y.jpg\"><br \/>\n\t\t\t\t\t<\/a><\/p>\n<p>\t\t\t\t\tAfficher plus<\/p>\n<p>\t\t\t\t\t\t\t\t\t\t\t\t\t\t\t\t<a href=\"https:\/\/cmmconcept580391081.wordpress.com\/\"><br \/>\n\t\t\t\t\t\t\t<img loading=\"lazy\" decoding=\"async\" width=\"512\" height=\"512\" src=\"https:\/\/cmmconcept580391081.files.wordpress.com\/2023\/04\/6382f-cropped-logoonglet.png\" alt=\"logo de CMM Concept Usinage\" loading=\"lazy\" \/>\t\t\t\t\t\t\t\t<\/a><\/p>\n<h4>Localisation<\/h4>\n<p><a href=\"https:\/\/www.google.com\/maps\/place\/CMM+Concept\/@44.8411148,4.8508196,12z\/data=!4m5!3m4!1s0x0:0x10a5ff9c3ac4d173!8m2!3d44.8478478!4d4.8824666\">CMM Concept 620 Chemin des colzas ZA de Blacheronde, 26800 \u00c9toile-sur-Rh\u00f4ne<\/a><\/p>\n<h4>Contact<\/h4>\n<p>\t\t[popup_anything id=&#8221;3995&#8243;]\t\t<\/p>\n<p>04 75 57 69 45<\/p>\n<h4>R\u00e9seaux<\/h4>\n<p>\t\t\t\t\t<a href=\"https:\/\/www.linkedin.com\/company\/cmm-concept-sarl\/\" target=\"_blank\" rel=\"noopener\"><br \/>\n\t\t\t\t\t\tLinkedin<br \/>\n\t\t\t\t\t\t\t\t\t\t\t<\/a><br \/>\n\t\t\t\t\t<a href=\"https:\/\/www.youtube.com\/channel\/UC2EN1v27X3V8XYSb4XGfTWg\" target=\"_blank\" rel=\"noopener\"><br \/>\n\t\t\t\t\t\tYoutube<br \/>\n\t\t\t\t\t\t\t\t\t\t\t<\/a><br \/>\n\t\t\t\t\t<a href=\"https:\/\/www.facebook.com\/CMM-Concept-104924708444849\" target=\"_blank\" rel=\"noopener\"><br \/>\n\t\t\t\t\t\tFacebook-f<br \/>\n\t\t\t\t\t\t\t\t\t\t\t<\/a><br \/>\n\t\t\t\t\t<a href=\"https:\/\/www.instagram.com\/cmmconcept\" target=\"_blank\" rel=\"noopener\"><br \/>\n\t\t\t\t\t\tInstagram<br \/>\n\t\t\t\t\t\t\t\t\t\t\t<\/a><\/p>\n","protected":false},"excerpt":{"rendered":"<p>CMM Concept Notre Parc des machines Notre parc marchines poss\u00e8de des machines de fraisage, usinage, tournage. Nous disposons de moyens [&hellip;]<\/p>\n","protected":false},"author":1,"featured_media":0,"parent":0,"menu_order":0,"comment_status":"closed","ping_status":"closed","template":"","meta":{"site-sidebar-layout":"default","site-content-layout":"","ast-site-content-layout":"","site-content-style":"default","site-sidebar-style":"default","ast-global-header-display":"","ast-banner-title-visibility":"","ast-main-header-display":"","ast-hfb-above-header-display":"","ast-hfb-below-header-display":"","ast-hfb-mobile-header-display":"","site-post-title":"","ast-breadcrumbs-content":"","ast-featured-img":"","footer-sml-layout":"","theme-transparent-header-meta":"","adv-header-id-meta":"","stick-header-meta":"","header-above-stick-meta":"","header-main-stick-meta":"","header-below-stick-meta":"","astra-migrate-meta-layouts":"default","ast-page-background-enabled":"default","ast-page-background-meta":{"desktop":{"background-color":"var(--ast-global-color-4)","background-image":"","background-repeat":"repeat","background-position":"center center","background-size":"auto","background-attachment":"scroll","background-type":"","background-media":"","overlay-type":"","overlay-color":"","overlay-gradient":""},"tablet":{"background-color":"","background-image":"","background-repeat":"repeat","background-position":"center center","background-size":"auto","background-attachment":"scroll","background-type":"","background-media":"","overlay-type":"","overlay-color":"","overlay-gradient":""},"mobile":{"background-color":"","background-image":"","background-repeat":"repeat","background-position":"center center","background-size":"auto","background-attachment":"scroll","background-type":"","background-media":"","overlay-type":"","overlay-color":"","overlay-gradient":""}},"ast-content-background-meta":{"desktop":{"background-color":"var(--ast-global-color-5)","background-image":"","background-repeat":"repeat","background-position":"center center","background-size":"auto","background-attachment":"scroll","background-type":"","background-media":"","overlay-type":"","overlay-color":"","overlay-gradient":""},"tablet":{"background-color":"var(--ast-global-color-5)","background-image":"","background-repeat":"repeat","background-position":"center center","background-size":"auto","background-attachment":"scroll","background-type":"","background-media":"","overlay-type":"","overlay-color":"","overlay-gradient":""},"mobile":{"background-color":"var(--ast-global-color-5)","background-image":"","background-repeat":"repeat","background-position":"center center","background-size":"auto","background-attachment":"scroll","background-type":"","background-media":"","overlay-type":"","overlay-color":"","overlay-gradient":""}},"footnotes":""},"_links":{"self":[{"href":"https:\/\/cmm-concept.fr\/index.php\/wp-json\/wp\/v2\/pages\/90"}],"collection":[{"href":"https:\/\/cmm-concept.fr\/index.php\/wp-json\/wp\/v2\/pages"}],"about":[{"href":"https:\/\/cmm-concept.fr\/index.php\/wp-json\/wp\/v2\/types\/page"}],"author":[{"embeddable":true,"href":"https:\/\/cmm-concept.fr\/index.php\/wp-json\/wp\/v2\/users\/1"}],"replies":[{"embeddable":true,"href":"https:\/\/cmm-concept.fr\/index.php\/wp-json\/wp\/v2\/comments?post=90"}],"version-history":[{"count":1,"href":"https:\/\/cmm-concept.fr\/index.php\/wp-json\/wp\/v2\/pages\/90\/revisions"}],"predecessor-version":[{"id":6228,"href":"https:\/\/cmm-concept.fr\/index.php\/wp-json\/wp\/v2\/pages\/90\/revisions\/6228"}],"wp:attachment":[{"href":"https:\/\/cmm-concept.fr\/index.php\/wp-json\/wp\/v2\/media?parent=90"}],"curies":[{"name":"wp","href":"https:\/\/api.w.org\/{rel}","templated":true}]}}