{"id":4464,"date":"2021-05-12T09:29:41","date_gmt":"2021-05-12T07:29:41","guid":{"rendered":"https:\/\/atomic-temporary-191599240.wpcomstaging.com\/?page_id=4464"},"modified":"2021-05-12T09:29:41","modified_gmt":"2021-05-12T07:29:41","slug":"mentions-legales","status":"publish","type":"page","link":"https:\/\/cmm-concept.fr\/index.php\/mentions-legales\/","title":{"rendered":"mentions-legales"},"content":{"rendered":"<h2>Mentions L\u00e9gales<\/h2>\n<h2>En vigueur au 12\/05\/2021<\/h2>\n<p>Conform\u00e9ment aux dispositions des Articles 6-III et 19 de la Loi n\u00b02004-575 du 21 juin 2004 pour la Confiance dans l\u2019\u00e9conomie num\u00e9rique, dite L.C.E.N., il est port\u00e9 \u00e0 la connaissance des Utilisateurs du site cmmconcept.fr les pr\u00e9sentes mentions l\u00e9gales.<br \/>La connexion et la navigation sur le site CMM Concept par l\u2019Utilisateur implique l&#8217;acceptation int\u00e9grale et sans r\u00e9serve des pr\u00e9sentes mentions l\u00e9gales.<br \/>Ces derni\u00e8res sont accessibles sur le site \u00e0 la rubrique \u00ab Mentions l\u00e9gales \u00bb.<\/p>\n<h2>ARTICLE 1 : L\u2019\u00e9diteur<\/h2>\n<p>\t\tL&#8217;\u00e9dition du site cmmconcept.fr est assur\u00e9e par la Soci\u00e9t\u00e9 SARL CMM Concept au capital de 23000 euros, immatricul\u00e9e au RCS de Romans B 497 772 863 sous le num\u00e9ro 497772863 dont le si\u00e8ge social est situ\u00e9 au CMM Concept, 620 Chemin des Colzas 26800 ETOILE-SUR-RHONE, num\u00e9ro de t\u00e9l\u00e9phone 04 75 57 69 43, adresse e-mail :\u00a0 cmm.concept@gmail.com. <br \/>N\u00b0 de TVA intracommunautaire : FR12497772863<br \/>Le Directeur de la publication est El hail Mohammed\t\t<\/p>\n<h2>ARTICLE 2 : L\u2019h\u00e9bergeur<\/h2>\n<p>L&#8217;h\u00e9bergeur du site cmmconcept.fr est la Soci\u00e9t\u00e9 WordPress, dont le si\u00e8ge social est situ\u00e9 au 132 Hawthorne Street San Francisco, CA 94107, United States of America , avec le num\u00e9ro de t\u00e9l\u00e9phone : (877) 273-3049.<\/p>\n<h2>ARTICLE 3 : Acc\u00e8s au site<\/h2>\n<p>Le site est accessible par tout endroit, 7j\/7, 24h\/24 sauf cas de force majeure, interruption programm\u00e9e ou non et pouvant d\u00e9coulant d\u2019une n\u00e9cessit\u00e9 de maintenance.<br \/>En cas de modification, interruption ou suspension des services le site cmmconcept.fr ne saurait \u00eatre tenu responsable.<\/p>\n<h2>ARTICLE 4 : Collecte des donn\u00e9es<\/h2>\n<p>Le site est exempt\u00e9 de d\u00e9claration \u00e0 la Commission Nationale Informatique et Libert\u00e9s (CNIL) dans la mesure o\u00f9 il ne collecte aucune donn\u00e9e concernant les utilisateurs.<\/p>\n<p>\t\t\t\t\t\t\t\t\t\t\t\t\t\t\t\t<a href=\"https:\/\/cmmconcept580391081.wordpress.com\/\"><br \/>\n\t\t\t\t\t\t\t<img loading=\"lazy\" decoding=\"async\" width=\"512\" height=\"512\" src=\"https:\/\/cmmconcept580391081.files.wordpress.com\/2023\/04\/6382f-cropped-logoonglet.png\" alt=\"logo de CMM Concept Usinage\" loading=\"lazy\" \/>\t\t\t\t\t\t\t\t<\/a><\/p>\n<h4>Localisation<\/h4>\n<p><a href=\"https:\/\/www.google.com\/maps\/place\/CMM+Concept\/@44.8411148,4.8508196,12z\/data=!4m5!3m4!1s0x0:0x10a5ff9c3ac4d173!8m2!3d44.8478478!4d4.8824666\">CMM Concept 620 Chemin des colzas ZA de Blacheronde, 26800 \u00c9toile-sur-Rh\u00f4ne<\/a><\/p>\n<h4>Contact<\/h4>\n<p>\t\t[popup_anything id=&#8221;3995&#8243;]\t\t<\/p>\n<p>04 75 57 69 45<\/p>\n<h4>R\u00e9seaux<\/h4>\n<p>\t\t\t\t\t<a href=\"https:\/\/www.linkedin.com\/company\/cmm-concept-sarl\/\" target=\"_blank\" rel=\"noopener\"><br \/>\n\t\t\t\t\t\tLinkedin<br \/>\n\t\t\t\t\t\t\t\t\t\t\t<\/a><br \/>\n\t\t\t\t\t<a href=\"https:\/\/www.youtube.com\/channel\/UC2EN1v27X3V8XYSb4XGfTWg\" target=\"_blank\" rel=\"noopener\"><br \/>\n\t\t\t\t\t\tYoutube<br \/>\n\t\t\t\t\t\t\t\t\t\t\t<\/a><br \/>\n\t\t\t\t\t<a href=\"https:\/\/www.facebook.com\/CMM-Concept-104924708444849\" target=\"_blank\" rel=\"noopener\"><br \/>\n\t\t\t\t\t\tFacebook-f<br \/>\n\t\t\t\t\t\t\t\t\t\t\t<\/a><br \/>\n\t\t\t\t\t<a href=\"https:\/\/www.instagram.com\/cmmconcept\" target=\"_blank\" rel=\"noopener\"><br \/>\n\t\t\t\t\t\tInstagram<br \/>\n\t\t\t\t\t\t\t\t\t\t\t<\/a><\/p>\n","protected":false},"excerpt":{"rendered":"<p>Mentions L\u00e9gales En vigueur au 12\/05\/2021 Conform\u00e9ment aux dispositions des Articles 6-III et 19 de la Loi n\u00b02004-575 du 21 [&hellip;]<\/p>\n","protected":false},"author":1,"featured_media":0,"parent":0,"menu_order":0,"comment_status":"closed","ping_status":"closed","template":"","meta":{"site-sidebar-layout":"default","site-content-layout":"","ast-site-content-layout":"","site-content-style":"default","site-sidebar-style":"default","ast-global-header-display":"","ast-banner-title-visibility":"","ast-main-header-display":"","ast-hfb-above-header-display":"","ast-hfb-below-header-display":"","ast-hfb-mobile-header-display":"","site-post-title":"","ast-breadcrumbs-content":"","ast-featured-img":"","footer-sml-layout":"","theme-transparent-header-meta":"","adv-header-id-meta":"","stick-header-meta":"","header-above-stick-meta":"","header-main-stick-meta":"","header-below-stick-meta":"","astra-migrate-meta-layouts":"default","ast-page-background-enabled":"default","ast-page-background-meta":{"desktop":{"background-color":"var(--ast-global-color-4)","background-image":"","background-repeat":"repeat","background-position":"center center","background-size":"auto","background-attachment":"scroll","background-type":"","background-media":"","overlay-type":"","overlay-color":"","overlay-gradient":""},"tablet":{"background-color":"","background-image":"","background-repeat":"repeat","background-position":"center center","background-size":"auto","background-attachment":"scroll","background-type":"","background-media":"","overlay-type":"","overlay-color":"","overlay-gradient":""},"mobile":{"background-color":"","background-image":"","background-repeat":"repeat","background-position":"center center","background-size":"auto","background-attachment":"scroll","background-type":"","background-media":"","overlay-type":"","overlay-color":"","overlay-gradient":""}},"ast-content-background-meta":{"desktop":{"background-color":"var(--ast-global-color-5)","background-image":"","background-repeat":"repeat","background-position":"center center","background-size":"auto","background-attachment":"scroll","background-type":"","background-media":"","overlay-type":"","overlay-color":"","overlay-gradient":""},"tablet":{"background-color":"var(--ast-global-color-5)","background-image":"","background-repeat":"repeat","background-position":"center center","background-size":"auto","background-attachment":"scroll","background-type":"","background-media":"","overlay-type":"","overlay-color":"","overlay-gradient":""},"mobile":{"background-color":"var(--ast-global-color-5)","background-image":"","background-repeat":"repeat","background-position":"center center","background-size":"auto","background-attachment":"scroll","background-type":"","background-media":"","overlay-type":"","overlay-color":"","overlay-gradient":""}},"footnotes":""},"_links":{"self":[{"href":"https:\/\/cmm-concept.fr\/index.php\/wp-json\/wp\/v2\/pages\/4464"}],"collection":[{"href":"https:\/\/cmm-concept.fr\/index.php\/wp-json\/wp\/v2\/pages"}],"about":[{"href":"https:\/\/cmm-concept.fr\/index.php\/wp-json\/wp\/v2\/types\/page"}],"author":[{"embeddable":true,"href":"https:\/\/cmm-concept.fr\/index.php\/wp-json\/wp\/v2\/users\/1"}],"replies":[{"embeddable":true,"href":"https:\/\/cmm-concept.fr\/index.php\/wp-json\/wp\/v2\/comments?post=4464"}],"version-history":[{"count":0,"href":"https:\/\/cmm-concept.fr\/index.php\/wp-json\/wp\/v2\/pages\/4464\/revisions"}],"wp:attachment":[{"href":"https:\/\/cmm-concept.fr\/index.php\/wp-json\/wp\/v2\/media?parent=4464"}],"curies":[{"name":"wp","href":"https:\/\/api.w.org\/{rel}","templated":true}]}}